{"id":10669,"date":"2021-09-05T21:55:26","date_gmt":"2021-09-05T21:55:26","guid":{"rendered":"https:\/\/turismoarucas.com\/arucas-puerta-norte-episodio-08\/"},"modified":"2021-12-30T12:03:57","modified_gmt":"2021-12-30T12:03:57","slug":"arucas-puerta-norte-episode-08","status":"publish","type":"page","link":"https:\/\/turismoarucas.com\/en\/arucas-puerta-norte-episode-08\/","title":{"rendered":"Arucas Puerta Norte Episode 08"},"content":{"rendered":"","protected":false},"excerpt":{"rendered":"<p>Episodio 8 Rufina: atenci\u00f3n y detalle<br \/>\n #ArucasPuertaNorte<\/p>\n","protected":false},"author":1,"featured_media":10143,"parent":0,"menu_order":0,"comment_status":"closed","ping_status":"closed","template":"","meta":{"footnotes":""},"yoast_head":"<!-- This site is optimized with the Yoast SEO plugin v23.2 - https:\/\/yoast.com\/wordpress\/plugins\/seo\/ -->\n<title>Arucas Puerta Norte Episode 8 - Rufina: atention and detail<\/title>\n<meta name=\"description\" content=\"Mar\u00eda Rufina Perera combines her work as a cook with the management of a family clothes and accessories company, GP Modas, in the centre of Arucas.\" \/>\n<meta name=\"robots\" content=\"index, follow, max-snippet:-1, max-image-preview:large, max-video-preview:-1\" \/>\n<link rel=\"canonical\" href=\"https:\/\/turismoarucas.com\/en\/arucas-puerta-norte-episode-08\/\" \/>\n<meta property=\"og:locale\" content=\"en_US\" \/>\n<meta property=\"og:type\" content=\"article\" \/>\n<meta property=\"og:title\" content=\"Arucas Puerta Norte Episodio 08\" \/>\n<meta property=\"og:description\" content=\"Rufina conoce muy bien el encanto de La Hacienda del Buen Suceso, la m\u00e1s antigua de Canarias, rodeada de un mar de plataneras que hace que la estancia del viajero se convierta en una experiencia id\u00edlica, donde el entorno, el servicio y la gastronom\u00eda t\u00edpica canaria son los protagonistas.\" \/>\n<meta property=\"og:url\" content=\"https:\/\/turismoarucas.com\/en\/arucas-puerta-norte-episode-08\/\" \/>\n<meta property=\"og:site_name\" content=\"Arucas\" \/>\n<meta property=\"article:modified_time\" content=\"2021-12-30T12:03:57+00:00\" \/>\n<meta property=\"og:image\" content=\"https:\/\/turismoarucas.com\/wp-content\/uploads\/2021\/09\/sharing-arucas-puerta-norte-episodio08.jpg\" \/>\n\t<meta property=\"og:image:width\" content=\"1200\" \/>\n\t<meta property=\"og:image:height\" content=\"630\" \/>\n\t<meta property=\"og:image:type\" content=\"image\/jpeg\" \/>\n<meta name=\"twitter:card\" content=\"summary_large_image\" \/>\n<meta name=\"twitter:title\" content=\"Arucas Puerta Norte Episodio 08\" \/>\n<meta name=\"twitter:description\" content=\"Rufina conoce muy bien el encanto de La Hacienda del Buen Suceso, la m\u00e1s antigua de Canarias, rodeada de un mar de plataneras que hace que la estancia del viajero se convierta en una experiencia id\u00edlica, donde el entorno, el servicio y la gastronom\u00eda t\u00edpica canaria son los protagonistas.\" \/>\n<meta name=\"twitter:image\" content=\"https:\/\/turismoarucas.com\/wp-content\/uploads\/2021\/09\/sharing-arucas-puerta-norte-episodio08.jpg\" \/>\n<script type=\"application\/ld+json\" class=\"yoast-schema-graph\">{\"@context\":\"https:\/\/schema.org\",\"@graph\":[{\"@type\":\"WebPage\",\"@id\":\"https:\/\/turismoarucas.com\/en\/arucas-puerta-norte-episode-08\/\",\"url\":\"https:\/\/turismoarucas.com\/en\/arucas-puerta-norte-episode-08\/\",\"name\":\"Arucas Puerta Norte Episode 8 - Rufina: atention and detail\",\"isPartOf\":{\"@id\":\"https:\/\/turismoarucas.com\/#website\"},\"primaryImageOfPage\":{\"@id\":\"https:\/\/turismoarucas.com\/en\/arucas-puerta-norte-episode-08\/#primaryimage\"},\"image\":{\"@id\":\"https:\/\/turismoarucas.com\/en\/arucas-puerta-norte-episode-08\/#primaryimage\"},\"thumbnailUrl\":\"https:\/\/turismoarucas.com\/wp-content\/uploads\/2021\/08\/arucas-puerta-norte-episodio08.jpg\",\"datePublished\":\"2021-09-05T21:55:26+00:00\",\"dateModified\":\"2021-12-30T12:03:57+00:00\",\"description\":\"Mar\u00eda Rufina Perera combines her work as a cook with the management of a family clothes and accessories company, GP Modas, in the centre of Arucas.\",\"breadcrumb\":{\"@id\":\"https:\/\/turismoarucas.com\/en\/arucas-puerta-norte-episode-08\/#breadcrumb\"},\"inLanguage\":\"en-US\",\"potentialAction\":[{\"@type\":\"ReadAction\",\"target\":[\"https:\/\/turismoarucas.com\/en\/arucas-puerta-norte-episode-08\/\"]}]},{\"@type\":\"ImageObject\",\"inLanguage\":\"en-US\",\"@id\":\"https:\/\/turismoarucas.com\/en\/arucas-puerta-norte-episode-08\/#primaryimage\",\"url\":\"https:\/\/turismoarucas.com\/wp-content\/uploads\/2021\/08\/arucas-puerta-norte-episodio08.jpg\",\"contentUrl\":\"https:\/\/turismoarucas.com\/wp-content\/uploads\/2021\/08\/arucas-puerta-norte-episodio08.jpg\",\"width\":1280,\"height\":720},{\"@type\":\"BreadcrumbList\",\"@id\":\"https:\/\/turismoarucas.com\/en\/arucas-puerta-norte-episode-08\/#breadcrumb\",\"itemListElement\":[{\"@type\":\"ListItem\",\"position\":1,\"name\":\"Portada\",\"item\":\"https:\/\/turismoarucas.com\/en\/\"},{\"@type\":\"ListItem\",\"position\":2,\"name\":\"Arucas Puerta Norte Episode 08\"}]},{\"@type\":\"WebSite\",\"@id\":\"https:\/\/turismoarucas.com\/#website\",\"url\":\"https:\/\/turismoarucas.com\/\",\"name\":\"Arucas\",\"description\":\"Portal Web Oficial de Turismo del Excmo. Ayuntamiento de Arucas\",\"publisher\":{\"@id\":\"https:\/\/turismoarucas.com\/#organization\"},\"potentialAction\":[{\"@type\":\"SearchAction\",\"target\":{\"@type\":\"EntryPoint\",\"urlTemplate\":\"https:\/\/turismoarucas.com\/?s={search_term_string}\"},\"query-input\":\"required name=search_term_string\"}],\"inLanguage\":\"en-US\"},{\"@type\":\"Organization\",\"@id\":\"https:\/\/turismoarucas.com\/#organization\",\"name\":\"Arucas\",\"url\":\"https:\/\/turismoarucas.com\/\",\"logo\":{\"@type\":\"ImageObject\",\"inLanguage\":\"en-US\",\"@id\":\"https:\/\/turismoarucas.com\/#\/schema\/logo\/image\/\",\"url\":\"https:\/\/turismoarucas.com\/wp-content\/uploads\/2021\/06\/Logo-Turismo-Arucas-Web-2.png\",\"contentUrl\":\"https:\/\/turismoarucas.com\/wp-content\/uploads\/2021\/06\/Logo-Turismo-Arucas-Web-2.png\",\"width\":5006,\"height\":1789,\"caption\":\"Arucas\"},\"image\":{\"@id\":\"https:\/\/turismoarucas.com\/#\/schema\/logo\/image\/\"}}]}<\/script>\n<!-- \/ Yoast SEO plugin. -->","yoast_head_json":{"title":"Arucas Puerta Norte Episode 8 - Rufina: atention and detail","description":"Mar\u00eda Rufina Perera combines her work as a cook with the management of a family clothes and accessories company, GP Modas, in the centre of Arucas.","robots":{"index":"index","follow":"follow","max-snippet":"max-snippet:-1","max-image-preview":"max-image-preview:large","max-video-preview":"max-video-preview:-1"},"canonical":"https:\/\/turismoarucas.com\/en\/arucas-puerta-norte-episode-08\/","og_locale":"en_US","og_type":"article","og_title":"Arucas Puerta Norte Episodio 08","og_description":"Rufina conoce muy bien el encanto de La Hacienda del Buen Suceso, la m\u00e1s antigua de Canarias, rodeada de un mar de plataneras que hace que la estancia del viajero se convierta en una experiencia id\u00edlica, donde el entorno, el servicio y la gastronom\u00eda t\u00edpica canaria son los protagonistas.","og_url":"https:\/\/turismoarucas.com\/en\/arucas-puerta-norte-episode-08\/","og_site_name":"Arucas","article_modified_time":"2021-12-30T12:03:57+00:00","og_image":[{"width":1200,"height":630,"url":"https:\/\/turismoarucas.com\/wp-content\/uploads\/2021\/09\/sharing-arucas-puerta-norte-episodio08.jpg","type":"image\/jpeg"}],"twitter_card":"summary_large_image","twitter_title":"Arucas Puerta Norte Episodio 08","twitter_description":"Rufina conoce muy bien el encanto de La Hacienda del Buen Suceso, la m\u00e1s antigua de Canarias, rodeada de un mar de plataneras que hace que la estancia del viajero se convierta en una experiencia id\u00edlica, donde el entorno, el servicio y la gastronom\u00eda t\u00edpica canaria son los protagonistas.","twitter_image":"https:\/\/turismoarucas.com\/wp-content\/uploads\/2021\/09\/sharing-arucas-puerta-norte-episodio08.jpg","schema":{"@context":"https:\/\/schema.org","@graph":[{"@type":"WebPage","@id":"https:\/\/turismoarucas.com\/en\/arucas-puerta-norte-episode-08\/","url":"https:\/\/turismoarucas.com\/en\/arucas-puerta-norte-episode-08\/","name":"Arucas Puerta Norte Episode 8 - Rufina: atention and detail","isPartOf":{"@id":"https:\/\/turismoarucas.com\/#website"},"primaryImageOfPage":{"@id":"https:\/\/turismoarucas.com\/en\/arucas-puerta-norte-episode-08\/#primaryimage"},"image":{"@id":"https:\/\/turismoarucas.com\/en\/arucas-puerta-norte-episode-08\/#primaryimage"},"thumbnailUrl":"https:\/\/turismoarucas.com\/wp-content\/uploads\/2021\/08\/arucas-puerta-norte-episodio08.jpg","datePublished":"2021-09-05T21:55:26+00:00","dateModified":"2021-12-30T12:03:57+00:00","description":"Mar\u00eda Rufina Perera combines her work as a cook with the management of a family clothes and accessories company, GP Modas, in the centre of Arucas.","breadcrumb":{"@id":"https:\/\/turismoarucas.com\/en\/arucas-puerta-norte-episode-08\/#breadcrumb"},"inLanguage":"en-US","potentialAction":[{"@type":"ReadAction","target":["https:\/\/turismoarucas.com\/en\/arucas-puerta-norte-episode-08\/"]}]},{"@type":"ImageObject","inLanguage":"en-US","@id":"https:\/\/turismoarucas.com\/en\/arucas-puerta-norte-episode-08\/#primaryimage","url":"https:\/\/turismoarucas.com\/wp-content\/uploads\/2021\/08\/arucas-puerta-norte-episodio08.jpg","contentUrl":"https:\/\/turismoarucas.com\/wp-content\/uploads\/2021\/08\/arucas-puerta-norte-episodio08.jpg","width":1280,"height":720},{"@type":"BreadcrumbList","@id":"https:\/\/turismoarucas.com\/en\/arucas-puerta-norte-episode-08\/#breadcrumb","itemListElement":[{"@type":"ListItem","position":1,"name":"Portada","item":"https:\/\/turismoarucas.com\/en\/"},{"@type":"ListItem","position":2,"name":"Arucas Puerta Norte Episode 08"}]},{"@type":"WebSite","@id":"https:\/\/turismoarucas.com\/#website","url":"https:\/\/turismoarucas.com\/","name":"Arucas","description":"Portal Web Oficial de Turismo del Excmo. Ayuntamiento de Arucas","publisher":{"@id":"https:\/\/turismoarucas.com\/#organization"},"potentialAction":[{"@type":"SearchAction","target":{"@type":"EntryPoint","urlTemplate":"https:\/\/turismoarucas.com\/?s={search_term_string}"},"query-input":"required name=search_term_string"}],"inLanguage":"en-US"},{"@type":"Organization","@id":"https:\/\/turismoarucas.com\/#organization","name":"Arucas","url":"https:\/\/turismoarucas.com\/","logo":{"@type":"ImageObject","inLanguage":"en-US","@id":"https:\/\/turismoarucas.com\/#\/schema\/logo\/image\/","url":"https:\/\/turismoarucas.com\/wp-content\/uploads\/2021\/06\/Logo-Turismo-Arucas-Web-2.png","contentUrl":"https:\/\/turismoarucas.com\/wp-content\/uploads\/2021\/06\/Logo-Turismo-Arucas-Web-2.png","width":5006,"height":1789,"caption":"Arucas"},"image":{"@id":"https:\/\/turismoarucas.com\/#\/schema\/logo\/image\/"}}]}},"_links":{"self":[{"href":"https:\/\/turismoarucas.com\/en\/wp-json\/wp\/v2\/pages\/10669"}],"collection":[{"href":"https:\/\/turismoarucas.com\/en\/wp-json\/wp\/v2\/pages"}],"about":[{"href":"https:\/\/turismoarucas.com\/en\/wp-json\/wp\/v2\/types\/page"}],"author":[{"embeddable":true,"href":"https:\/\/turismoarucas.com\/en\/wp-json\/wp\/v2\/users\/1"}],"replies":[{"embeddable":true,"href":"https:\/\/turismoarucas.com\/en\/wp-json\/wp\/v2\/comments?post=10669"}],"version-history":[{"count":2,"href":"https:\/\/turismoarucas.com\/en\/wp-json\/wp\/v2\/pages\/10669\/revisions"}],"predecessor-version":[{"id":10713,"href":"https:\/\/turismoarucas.com\/en\/wp-json\/wp\/v2\/pages\/10669\/revisions\/10713"}],"wp:featuredmedia":[{"embeddable":true,"href":"https:\/\/turismoarucas.com\/en\/wp-json\/wp\/v2\/media\/10143"}],"wp:attachment":[{"href":"https:\/\/turismoarucas.com\/en\/wp-json\/wp\/v2\/media?parent=10669"}],"curies":[{"name":"wp","href":"https:\/\/api.w.org\/{rel}","templated":true}]}}